{"id":2652,"date":"2020-06-02T13:46:03","date_gmt":"2020-06-02T13:46:03","guid":{"rendered":"https:\/\/zid-test-04.uni-ak.ac.at\/?page_id=2652"},"modified":"2020-08-06T10:26:18","modified_gmt":"2020-08-06T10:26:18","slug":"homepage","status":"publish","type":"page","link":"https:\/\/zid-wp-test-01.uni-ak.ac.at\/","title":{"rendered":"Homepage"},"content":{"rendered":"<p><div class=\"betterdocs-live-search\">\n\t\n\t<form class=\"betterdocs-searchform betterdocs-advance-searchform\">\n\t\t<div class=\"betterdocs-searchform-input-wrap\">\n\t\t\t<svg class=\"docs-search-icon\" xmlns=\"http:\/\/www.w3.org\/2000\/svg\" xmlns:xlink=\"http:\/\/www.w3.org\/1999\/xlink\" width=\"38px\" viewBox=\"0 0 50 50\" version=\"1.1\">\n\t\t\t\t<g id=\"surface1\">\n\t\t\t\t\t<path d=\"M 21 3 C 11.601563 3 4 10.601563 4 20 C 4 29.398438 11.601563 37 21 37 C 24.355469 37 27.460938 36.015625 30.09375 34.34375 L 42.375 46.625 L 46.625 42.375 L 34.5 30.28125 C 36.679688 27.421875 38 23.878906 38 20 C 38 10.601563 30.398438 3 21 3 Z M 21 7 C 28.199219 7 34 12.800781 34 20 C 34 27.199219 28.199219 33 21 33 C 13.800781 33 8 27.199219 8 20 C 8 12.800781 13.800781 7 21 7 Z \"><\/path>\n\t\t\t\t<\/g>\n\t\t\t<\/svg>\n\t\t\t<input type=\"text\" class=\"betterdocs-search-field\" name=\"s\" aria-label=\"Search Input\" placeholder=\"Search\" autocomplete=\"off\" value=\"\">\n\t\t\t<svg class=\"docs-search-loader\" width=\"38\" height=\"38\" viewBox=\"0 0 38 38\" xmlns=\"http:\/\/www.w3.org\/2000\/svg\" stroke=\"#444b54\">\n\t\t\t\t<g fill=\"none\" fill-rule=\"evenodd\">\n\t\t\t\t\t<g transform=\"translate(1 1)\" stroke-width=\"2\">\n\t\t\t\t\t\t<circle stroke-opacity=\".5\" cx=\"18\" cy=\"18\" r=\"18\" \/>\n\t\t\t\t\t\t<path d=\"M36 18c0-9.94-8.06-18-18-18\">\n\t\t\t\t\t\t\t<animateTransform attributeName=\"transform\" type=\"rotate\" from=\"0 18 18\" to=\"360 18 18\" dur=\"1s\" repeatCount=\"indefinite\" \/>\n\t\t\t\t\t\t<\/path>\n\t\t\t\t\t<\/g>\n\t\t\t\t<\/g>\n\t\t\t<\/svg>\n\t\t\t<svg class=\"docs-search-close\" xmlns=\"http:\/\/www.w3.org\/2000\/svg\" width=\"38px\" viewBox=\"0 0 128 128\">\n\t\t\t\t<path fill=\"#fff\" d=\"M64 14A50 50 0 1 0 64 114A50 50 0 1 0 64 14Z\" transform=\"rotate(-45.001 64 64.001)\"><\/path>\n\t\t\t\t<path class=\"close-border\" d=\"M64,117c-14.2,0-27.5-5.5-37.5-15.5c-20.7-20.7-20.7-54.3,0-75C36.5,16.5,49.8,11,64,11c14.2,0,27.5,5.5,37.5,15.5c10,10,15.5,23.3,15.5,37.5s-5.5,27.5-15.5,37.5C91.5,111.5,78.2,117,64,117z M64,17c-12.6,0-24.4,4.9-33.2,13.8c-18.3,18.3-18.3,48.1,0,66.5C39.6,106.1,51.4,111,64,111c12.6,0,24.4-4.9,33.2-13.8S111,76.6,111,64s-4.9-24.4-13.8-33.2S76.6,17,64,17z\"><\/path>\n\t\t\t\t<path class=\"close-line\" d=\"M53.4,77.6c-0.8,0-1.5-0.3-2.1-0.9c-1.2-1.2-1.2-3.1,0-4.2l21.2-21.2c1.2-1.2,3.1-1.2,4.2,0c1.2,1.2,1.2,3.1,0,4.2L55.5,76.7C54.9,77.3,54.2,77.6,53.4,77.6z\"><\/path>\n\t\t\t\t<path class=\"close-line\" d=\"M74.6,77.6c-0.8,0-1.5-0.3-2.1-0.9L51.3,55.5c-1.2-1.2-1.2-3.1,0-4.2c1.2-1.2,3.1-1.2,4.2,0l21.2,21.2c1.2,1.2,1.2,3.1,0,4.2C76.1,77.3,75.4,77.6,74.6,77.6z\"><\/path>\n\t\t\t<\/svg>\n\t\t<\/div>\n\n\t\t\t\t<input type=\"hidden\" value=\"Search\" aria-label=\"Search Submit\" class=\"betterdocs-search-submit\" \/>\n\t<\/form>\n\n\t<\/div>\nhttps:\/\/zid-wp-test-01.uni-ak.ac.at\/wp-content\/uploads\/2020\/03\/UnivAngewa_toplb.mp4\t\t<\/p>\n<h3>\n\t\t\t\t\tWartungsfenster<br \/>\n\t\t\t\t<\/h3>\n<p>Derzeit ist kein Wartungsfenster geplant.<\/p>\n<article data-id=\"2652\">\n<h2>Allgemein<\/h2>\n<ul>\n<li><a href=\"https:\/\/zid-wp-test-01.uni-ak.ac.at\/index.php\/docs\/service-center\/\">Service Center<\/a>\n                        <\/li>\n<li><a href=\"https:\/\/zid-wp-test-01.uni-ak.ac.at\/index.php\/docs\/webmail-identities\/\">Webmail Identities<\/a>\n                        <\/li>\n<li><a href=\"https:\/\/zid-wp-test-01.uni-ak.ac.at\/index.php\/docs\/webmail-ordner-abonnieren\/\">Webmail &#8211; Ordner abonnieren<\/a>\n                        <\/li>\n<li><a href=\"https:\/\/zid-wp-test-01.uni-ak.ac.at\/index.php\/docs\/video-streaming-owncloud-wordpress\/\">Video Streaming &#8211; OwnCloud\/WordPress<\/a>\n                        <\/li>\n<li><a href=\"https:\/\/zid-wp-test-01.uni-ak.ac.at\/index.php\/docs\/safety-notice-for-using-zoom-en\/\">Safety notice for using ZOOM (EN)<\/a>\n                        <\/li>\n<li><a href=\"https:\/\/zid-wp-test-01.uni-ak.ac.at\/index.php\/docs\/sicherheitshinweis-zur-verwendung-von-zoom\/\">Sicherheitshinweis zur Verwendung von ZOOM<\/a>\n                        <\/li>\n<li><a href=\"https:\/\/zid-wp-test-01.uni-ak.ac.at\/index.php\/docs\/tips-to-improve-internet-speed-en\/\">Tips to improve internet speed (EN)<\/a>\n                        <\/li>\n<li><a href=\"https:\/\/zid-wp-test-01.uni-ak.ac.at\/index.php\/docs\/tipps-um-internetgeschwindigkeit-zu-verbessern\/\">Tipps um Internetgeschwindigkeit zu verbessern<\/a>\n                        <\/li>\n<li><a href=\"https:\/\/zid-wp-test-01.uni-ak.ac.at\/index.php\/docs\/einrichtung-fuer-home-office\/\">Einrichtung f\u00fcr Home Office<\/a>\n                        <\/li>\n<li><a href=\"https:\/\/zid-wp-test-01.uni-ak.ac.at\/index.php\/docs\/rufumleitung-am-telefon-einrichten\/\">Rufumleitung am Telefon einrichten<\/a>\n                        <\/li>\n<li><a href=\"https:\/\/zid-wp-test-01.uni-ak.ac.at\/index.php\/docs\/personal-homepage-en\/\">Personal Homepage (EN)<\/a>\n                        <\/li>\n<li><a href=\"https:\/\/zid-wp-test-01.uni-ak.ac.at\/index.php\/docs\/e-mail-signatur-2\/\">E-Mail Signatur<\/a>\n                        <\/li>\n<\/ul>\n<p><a href=\"https:\/\/zid-wp-test-01.uni-ak.ac.at\/index.php\/docs-category\/allgemein\/\">Mehr<\/a><\/article>\n<article data-id=\"3184\">\n<h2>Apple<\/h2>\n<ul>\n<li><a href=\"https:\/\/zid-wp-test-01.uni-ak.ac.at\/index.php\/docs\/chat-the-communication-solution-for-die-angewandte-en\/\">Chat \/ The communication solution for Die Angewandte (EN)<\/a>\n                        <\/li>\n<li><a href=\"https:\/\/zid-wp-test-01.uni-ak.ac.at\/index.php\/docs\/chat-kommunikationsloesung-der-angewandten\/\">Chat \/ Kommunikationsl\u00f6sung der Angewandten<\/a>\n                        <\/li>\n<li><a href=\"https:\/\/zid-wp-test-01.uni-ak.ac.at\/index.php\/docs\/vpn-forticlient\/\">VPN FortiClient<\/a>\n                        <\/li>\n<li><a href=\"https:\/\/zid-wp-test-01.uni-ak.ac.at\/index.php\/docs\/anydesk-remote-tool\/\">AnyDesk Remote Tool<\/a>\n                        <\/li>\n<li><a href=\"https:\/\/zid-wp-test-01.uni-ak.ac.at\/index.php\/docs\/e-mail\/\">E-Mail<\/a>\n                        <\/li>\n<li><a href=\"https:\/\/zid-wp-test-01.uni-ak.ac.at\/index.php\/docs\/adobe-creative-cloud-client\/\">Adobe Creative Cloud Client<\/a>\n                        <\/li>\n<li><a href=\"https:\/\/zid-wp-test-01.uni-ak.ac.at\/index.php\/docs\/owncloud-kalender-und-token\/\">OwnCloud Kalender und Token<\/a>\n                        <\/li>\n<li><a href=\"https:\/\/zid-wp-test-01.uni-ak.ac.at\/index.php\/docs\/owncloudx-owncloud-client-einrichtung\/\">ownCloudX &#8211; ownCloud Client Einrichtung<\/a>\n                        <\/li>\n<li><a href=\"https:\/\/zid-wp-test-01.uni-ak.ac.at\/index.php\/docs\/configure-hall-printer-mac-os\/\">Hallway Printer &#8211; Configure in Mac OS<\/a>\n                        <\/li>\n<li><a href=\"https:\/\/zid-wp-test-01.uni-ak.ac.at\/index.php\/docs\/gangdrucker-neu-einrichten-mac-os\/\">Gangdrucker &#8211; Einrichten in Mac OS<\/a>\n                        <\/li>\n<li><a href=\"https:\/\/zid-wp-test-01.uni-ak.ac.at\/index.php\/docs\/mailstore-home-e-mail-archivierung\/\">MailStore Home, E-Mail Archivierung<\/a>\n                        <\/li>\n<li><a href=\"https:\/\/zid-wp-test-01.uni-ak.ac.at\/index.php\/docs\/owncloud-dateien-hochladen-und-teilen\/\">OwnCloud Dateien hochladen und teilen<\/a>\n                        <\/li>\n<\/ul>\n<p><a href=\"https:\/\/zid-wp-test-01.uni-ak.ac.at\/index.php\/docs-category\/apple\/\">Mehr<\/a><\/article>\n<article data-id=\"3162\">\n<h2>PC<\/h2>\n<ul>\n<li><a href=\"https:\/\/zid-wp-test-01.uni-ak.ac.at\/index.php\/docs\/chat-the-communication-solution-for-die-angewandte-en\/\">Chat \/ The communication solution for Die Angewandte (EN)<\/a>\n                        <\/li>\n<li><a href=\"https:\/\/zid-wp-test-01.uni-ak.ac.at\/index.php\/docs\/chat-kommunikationsloesung-der-angewandten\/\">Chat \/ Kommunikationsl\u00f6sung der Angewandten<\/a>\n                        <\/li>\n<li><a href=\"https:\/\/zid-wp-test-01.uni-ak.ac.at\/index.php\/docs\/vpn-forticlient\/\">VPN FortiClient<\/a>\n                        <\/li>\n<li><a href=\"https:\/\/zid-wp-test-01.uni-ak.ac.at\/index.php\/docs\/anydesk-remote-tool\/\">AnyDesk Remote Tool<\/a>\n                        <\/li>\n<li><a href=\"https:\/\/zid-wp-test-01.uni-ak.ac.at\/index.php\/docs\/e-mail\/\">E-Mail<\/a>\n                        <\/li>\n<li><a href=\"https:\/\/zid-wp-test-01.uni-ak.ac.at\/index.php\/docs\/adobe-creative-cloud-client\/\">Adobe Creative Cloud Client<\/a>\n                        <\/li>\n<li><a href=\"https:\/\/zid-wp-test-01.uni-ak.ac.at\/index.php\/docs\/owncloud-kalender-und-token\/\">OwnCloud Kalender und Token<\/a>\n                        <\/li>\n<li><a href=\"https:\/\/zid-wp-test-01.uni-ak.ac.at\/index.php\/docs\/owncloudx-owncloud-client-einrichtung\/\">ownCloudX &#8211; ownCloud Client Einrichtung<\/a>\n                        <\/li>\n<li><a href=\"https:\/\/zid-wp-test-01.uni-ak.ac.at\/index.php\/docs\/configure-hall-printer-windows\/\">Hallway Printer &#8211; Configure in Windows<\/a>\n                        <\/li>\n<li><a href=\"https:\/\/zid-wp-test-01.uni-ak.ac.at\/index.php\/docs\/gangdrucker-neu-einrichten-windows\/\">Gangdrucker &#8211; Einrichten in Windows<\/a>\n                        <\/li>\n<li><a href=\"https:\/\/zid-wp-test-01.uni-ak.ac.at\/index.php\/docs\/outlook-datendatei-und-e-mail-archivierung-2\/\">Outlook Datendatei und E-Mail Archivierung<\/a>\n                        <\/li>\n<li><a href=\"https:\/\/zid-wp-test-01.uni-ak.ac.at\/index.php\/docs\/outlook-2016-kalender-sichern\/\">Outlook 2016 Kalender sichern<\/a>\n                        <\/li>\n<\/ul>\n<p><a href=\"https:\/\/zid-wp-test-01.uni-ak.ac.at\/index.php\/docs-category\/pc\/\">Mehr<\/a><\/article>\n<p>                            <a href=\"https:\/\/zid-wp-test-01.uni-ak.ac.at\/index.php\/2020\/03\/12\/informationen-zu-home-office\/\" target=\"_blank\" rel=\"noopener noreferrer\"><\/a><\/p>\n<h2>\n            <a href=\"https:\/\/zid-wp-test-01.uni-ak.ac.at\/index.php\/2020\/03\/12\/informationen-zu-home-office\/\" target=\"_blank\" rel=\"noopener noreferrer\"><br \/>\n                Informationen zu Home Office            <\/a><br \/>\n        <\/h2>\n<p>                            |<br \/>\n                    March 12, 2020<br \/>\n            Sehr geehrte Damen und Herren, Liebe Kolleginnen und Kollegen, Auf Grund der derzeitigen Situation stellen wir Ihnen die wichtigsten Informationen f\u00fcr Home Office zur Verf\u00fcgung. Unter folgenden Link finden Sie den dazugeh\u00f6rigen Artikel: Einrichtung f\u00fcr Home Office Mit freundlichen Gr\u00fc\u00dfen Ihr ZID <a href=\"https:\/\/zid-wp-test-01.uni-ak.ac.at\/index.php\/2020\/03\/12\/informationen-zu-home-office\/\">Weiterlesen \u2192<\/a><br \/>\n                            <a href=\"https:\/\/zid-wp-test-01.uni-ak.ac.at\/index.php\/2020\/03\/10\/informationswebseite-der-angewandten\/\" target=\"_blank\" rel=\"noopener noreferrer\"><\/a><\/p>\n<h2>\n            <a href=\"https:\/\/zid-wp-test-01.uni-ak.ac.at\/index.php\/2020\/03\/10\/informationswebseite-der-angewandten\/\" target=\"_blank\" rel=\"noopener noreferrer\"><br \/>\n                Informationswebseite der Angewandten            <\/a><br \/>\n        <\/h2>\n<p>                            |<br \/>\n                    March 10, 2020<br \/>\n            Die URL zur Webseite lautet https:\/\/info.uni-ak.ac.at\/ . Bitte beachten Sie, dass wir die Webseite laufend aktualisieren und der Inhalt sich somit \u00e4ndert. Schauen Sie daher immer wieder auf die Webseite, um auf dem aktuellsten Stand zu bleiben. <a href=\"https:\/\/zid-wp-test-01.uni-ak.ac.at\/index.php\/2020\/03\/10\/informationswebseite-der-angewandten\/\">Weiterlesen \u2192<\/a><br \/>\n                            <a href=\"https:\/\/zid-wp-test-01.uni-ak.ac.at\/index.php\/2020\/03\/10\/gangdrucker\/\" target=\"_blank\" rel=\"noopener noreferrer\"><\/a><\/p>\n<h2>\n            <a href=\"https:\/\/zid-wp-test-01.uni-ak.ac.at\/index.php\/2020\/03\/10\/gangdrucker\/\" target=\"_blank\" rel=\"noopener noreferrer\"><br \/>\n                Gangdrucker            <\/a><br \/>\n        <\/h2>\n<p>                            |<br \/>\n                    March 10, 2020<br \/>\n            Seit dem Wintersemester 2018\/19 gibt es in den Exposituren neue Gangdrucker. Liste aller Gangdrucker und Aufladestationen Oskar-Kokoschka-Platz 2.Stock: Verbinungstrakt EG: Teek\u00fcche im Schwanzertrakt Vordere Zollamtsstra\u00dfe 7 1. &#8211; 4.Stock: Teek\u00fcche Aufladestationen OKPF: Verbindungstrakt VZA7: 1.Stock Teek\u00fcche Weitere Hilfestellungen finden Sie unter folgenden Links: Kartenregistrierung Gangdrucker einrichten Windows Gangdrucker einrichten Mac <a href=\"https:\/\/zid-wp-test-01.uni-ak.ac.at\/index.php\/2020\/03\/10\/gangdrucker\/\">Weiterlesen \u2192<\/a><br \/>\n                            <a href=\"https:\/\/zid-wp-test-01.uni-ak.ac.at\/index.php\/2019\/12\/19\/uebersiedlung-wartungsfenster-von-freitag-den-27-12-2019-ab-1000-uhr-bis-sonntag-den-29-12-2019-um-ca-2000-uhr\/\" target=\"_blank\" rel=\"noopener noreferrer\"><\/a><\/p>\n<h2>\n            <a href=\"https:\/\/zid-wp-test-01.uni-ak.ac.at\/index.php\/2019\/12\/19\/uebersiedlung-wartungsfenster-von-freitag-den-27-12-2019-ab-1000-uhr-bis-sonntag-den-29-12-2019-um-ca-2000-uhr\/\" target=\"_blank\" rel=\"noopener noreferrer\"><br \/>\n                \u00dcbersiedlung \/ Wartungsfenster von Freitag den 27.12.2019 ab 10:00 Uhr bis Sonntag den 29.12.2019 um ca. 20:00 Uhr!            <\/a><br \/>\n        <\/h2>\n<p>                            |<br \/>\n                    December 19, 2019<br \/>\n            Sehr geehrte Kolleginnen und Kollegen, leider m\u00fcssen wir zwischen Freitag den 27.12.2019 und Sonntag den 29.12.2019\u00a0unseren Serverraum in das neue Rechenzentrum \/ Vordere Zollamtsstra\u00dfe 7 \u00fcbersiedeln. Daher wird es in diesem Zeitraum zu l\u00e4ngeren Ausf\u00e4llen der IT-Services der Angewandten kommen!Die \u00dcbersiedlung sollte am Sonntag den 29.12.2019 so gegen 20:00 Uhr&nbsp;abgeschlossen <a href=\"https:\/\/zid-wp-test-01.uni-ak.ac.at\/index.php\/2019\/12\/19\/uebersiedlung-wartungsfenster-von-freitag-den-27-12-2019-ab-1000-uhr-bis-sonntag-den-29-12-2019-um-ca-2000-uhr\/\">Weiterlesen \u2192<\/a><br \/>\n                            <a href=\"https:\/\/zid-wp-test-01.uni-ak.ac.at\/index.php\/2019\/10\/15\/wartungsfenster-druckerserver-18-10-2019-im-zeitraum-von-0900-bis-1500-uhr\/\" target=\"_blank\" rel=\"noopener noreferrer\"><\/a><\/p>\n<h2>\n            <a href=\"https:\/\/zid-wp-test-01.uni-ak.ac.at\/index.php\/2019\/10\/15\/wartungsfenster-druckerserver-18-10-2019-im-zeitraum-von-0900-bis-1500-uhr\/\" target=\"_blank\" rel=\"noopener noreferrer\"><br \/>\n                Wartungsfenster Druckerserver: 18.10.2019 im Zeitraum von 09:00 bis 15:00 Uhr!            <\/a><br \/>\n        <\/h2>\n<p>                            |<br \/>\n                    October 15, 2019<br \/>\n            Sehr geehrte Kolleginnen und Kollegen, aufgrund eines Updates\u00a0unseres\u00a0Druckerservers\u00a0wird es am\u00a018.10.2019 im Zeitraum von 09:00 bis 15:00\u00a0Uhr\u00a0zu kurzen Ausf\u00e4llen bei den Multifunktionsdruckern kommen.\u00a0 Betroffen sind alle&nbsp;\u00f6ffentlichen Drucker&nbsp;und Institutsdrucker mit Kartenauthentifizierung. Zeitraum Freitag, 18.10.2019 von 09:00 bis 15:00 Uhr Dauer: ca. 6 Stunden Betroffene Dienste: Payment Maschinen \u00d6ffentliche Drucker Institutsdrucker mit&nbsp;Kartenauthentifizierung! Bei <a href=\"https:\/\/zid-wp-test-01.uni-ak.ac.at\/index.php\/2019\/10\/15\/wartungsfenster-druckerserver-18-10-2019-im-zeitraum-von-0900-bis-1500-uhr\/\">Weiterlesen \u2192<\/a><br \/>\n                            <a href=\"https:\/\/zid-wp-test-01.uni-ak.ac.at\/index.php\/2019\/06\/06\/spam-e-mails-im-umlauf\/\" target=\"_blank\" rel=\"noopener noreferrer\"><\/a><\/p>\n<h2>\n            <a href=\"https:\/\/zid-wp-test-01.uni-ak.ac.at\/index.php\/2019\/06\/06\/spam-e-mails-im-umlauf\/\" target=\"_blank\" rel=\"noopener noreferrer\"><br \/>\n                Spam E-Mails im Umlauf            <\/a><br \/>\n        <\/h2>\n<p>                            |<br \/>\n                    June 6, 2019<br \/>\n            Liebe Kolleginnen und Kollegen, Derzeit sind vermehrt Spam E-Mails im Umlauf in welchen steht, dass Ihr Computer gehackt und Daten erbeutet wurden. Anbei sehen Sie ein Beispiel, wie eine solche Spam E-Mail aussehen kann: Hallo. Ich denke, Sie werden nicht gl\u00fccklich sein, weil ich eine sehr schlechte Nachricht f\u00fcr Sie <a href=\"https:\/\/zid-wp-test-01.uni-ak.ac.at\/index.php\/2019\/06\/06\/spam-e-mails-im-umlauf\/\">Weiterlesen \u2192<\/a><br \/>\n                            <a href=\"https:\/\/zid-wp-test-01.uni-ak.ac.at\/index.php\/2019\/05\/03\/zid-servicedesk-vza7\/\" target=\"_blank\" rel=\"noopener noreferrer\"><\/a><\/p>\n<h2>\n            <a href=\"https:\/\/zid-wp-test-01.uni-ak.ac.at\/index.php\/2019\/05\/03\/zid-servicedesk-vza7\/\" target=\"_blank\" rel=\"noopener noreferrer\"><br \/>\n                ZID Servicedesk VZA7            <\/a><br \/>\n        <\/h2>\n<p>                            |<br \/>\n                    May 3, 2019<br \/>\n            Liebe Kolleginnen und Kollegen, der Zentrale Informatikdienst (ZID) versucht sein Serviceangebot stetig zu verbessern. Daher bieten wir allen MitarbeiterInnen und Studierenden ab den 29. April 2019 eine zentrale Serviceanlaufstelle (Service Center) in der Vorderen Zollamtsstra\u00dfe 7 an. Wo? Vordere Zollamtsstra\u00dfe 7, 1030 Wien Stockwerk: 5. OG Raum: 538 Wann? Mo-Fr <a href=\"https:\/\/zid-wp-test-01.uni-ak.ac.at\/index.php\/2019\/05\/03\/zid-servicedesk-vza7\/\">Weiterlesen \u2192<\/a><br \/>\n                            <a href=\"https:\/\/zid-wp-test-01.uni-ak.ac.at\/index.php\/2019\/03\/25\/zid-sucht-eine-n-netzwerkadministrator-in\/\" target=\"_blank\" rel=\"noopener noreferrer\"><\/a><\/p>\n<h2>\n            <a href=\"https:\/\/zid-wp-test-01.uni-ak.ac.at\/index.php\/2019\/03\/25\/zid-sucht-eine-n-netzwerkadministrator-in\/\" target=\"_blank\" rel=\"noopener noreferrer\"><br \/>\n                ZID sucht eine\/n Netzwerkadministrator\/in            <\/a><br \/>\n        <\/h2>\n<p>                            |<br \/>\n                    March 25, 2019<br \/>\n            Die Universit\u00e4t f\u00fcr angewandte Kunst Wien sucht ab April 2019 eine\/n Netzwerkadministrator\/in (40 Wochenstunden, vorl\u00e4ufig auf 6 Monate befristet, mit der Option auf ein unbefristetes Dienstverh\u00e4ltnis) f\u00fcr den Zentralen Informatikdienst (ZID) Qualifikation:&#8211; abgeschlossene facheinschl\u00e4gige Ausbildung (Lehre, HTL oder gleichwertige Berufsausbildung)&#8211; gute Englischkenntnisse und Bereitschaft zur Weiterbildung&#8211; sehr gute Kenntnisse im <a href=\"https:\/\/zid-wp-test-01.uni-ak.ac.at\/index.php\/2019\/03\/25\/zid-sucht-eine-n-netzwerkadministrator-in\/\">Weiterlesen \u2192<\/a><br \/>\n                            <a href=\"https:\/\/zid-wp-test-01.uni-ak.ac.at\/index.php\/2018\/11\/14\/owncloud-client-synchronisationsfehler\/\" target=\"_blank\" rel=\"noopener noreferrer\"><\/a><\/p>\n<h2>\n            <a href=\"https:\/\/zid-wp-test-01.uni-ak.ac.at\/index.php\/2018\/11\/14\/owncloud-client-synchronisationsfehler\/\" target=\"_blank\" rel=\"noopener noreferrer\"><br \/>\n                OwnCloud Client Synchronisationsfehler            <\/a><br \/>\n        <\/h2>\n<p>                            |<br \/>\n                    November 14, 2018<br \/>\n            Derzeit kommt es zu einem Fehler bei der Synchronisation des ownCloud-Clients. Um diesen zu beheben und die Synchronisation erneut zu starten folgen Sie bitte diesen Schritten: \u00d6ffnen Sie den ownCloud-Client. So sieht der Fehler aus: Um nun die Synchronisation erneut zu starten, klicken Sie zun\u00e4chst auf das Symbol mit den <a href=\"https:\/\/zid-wp-test-01.uni-ak.ac.at\/index.php\/2018\/11\/14\/owncloud-client-synchronisationsfehler\/\">Weiterlesen \u2192<\/a><br \/>\n                            <a href=\"https:\/\/zid-wp-test-01.uni-ak.ac.at\/index.php\/2016\/06\/07\/die-basecloud-ist-online\/\" target=\"_blank\" rel=\"noopener noreferrer\"><\/a><\/p>\n<h2>\n            <a href=\"https:\/\/zid-wp-test-01.uni-ak.ac.at\/index.php\/2016\/06\/07\/die-basecloud-ist-online\/\" target=\"_blank\" rel=\"noopener noreferrer\"><br \/>\n                Die baseCloud ist Online!            <\/a><br \/>\n        <\/h2>\n<p>                            |<br \/>\n                    June 7, 2016<br \/>\n            Sehr geehrte Damen und Herren, Seit Montag 06. Juni 2016 ist unser Cloud Service online und steht allen aktiven Mitgliedern der Angewandten unter https:\/\/base.uni-ak.ac.at\/cloud\/ zur Verf\u00fcgung. Durch die Cloud k\u00f6nnen Sie nun\u00a0 bis zu 10GB online speichern und teilen. Eine Anleitung zum Service finden Sie hier. <a href=\"https:\/\/zid-wp-test-01.uni-ak.ac.at\/index.php\/2016\/06\/07\/die-basecloud-ist-online\/\">Weiterlesen \u2192<\/a><\/p>\n","protected":false},"excerpt":{"rendered":"<p>https:\/\/zid-wp-test-01.uni-ak.ac.at\/wp-content\/uploads\/2020\/03\/UnivAngewa_toplb.mp4 Wartungsfenster Derzeit ist kein Wartungsfenster geplant. Allgemein Service Center Webmail Identities Webmail &#8211; Ordner abonnieren Video Streaming &#8211; OwnCloud\/WordPress Safety notice for using ZOOM (EN) Sicherheitshinweis zur Verwendung von ZOOM Tips to improve internet &hellip;<\/p>\n","protected":false},"author":1,"featured_media":0,"parent":0,"menu_order":0,"comment_status":"closed","ping_status":"closed","template":"elementor_canvas","meta":{"footnotes":""},"class_list":["post-2652","page","type-page","status-publish","hentry"],"_links":{"self":[{"href":"https:\/\/zid-wp-test-01.uni-ak.ac.at\/index.php\/wp-json\/wp\/v2\/pages\/2652","targetHints":{"allow":["GET"]}}],"collection":[{"href":"https:\/\/zid-wp-test-01.uni-ak.ac.at\/index.php\/wp-json\/wp\/v2\/pages"}],"about":[{"href":"https:\/\/zid-wp-test-01.uni-ak.ac.at\/index.php\/wp-json\/wp\/v2\/types\/page"}],"author":[{"embeddable":true,"href":"https:\/\/zid-wp-test-01.uni-ak.ac.at\/index.php\/wp-json\/wp\/v2\/users\/1"}],"replies":[{"embeddable":true,"href":"https:\/\/zid-wp-test-01.uni-ak.ac.at\/index.php\/wp-json\/wp\/v2\/comments?post=2652"}],"version-history":[{"count":40,"href":"https:\/\/zid-wp-test-01.uni-ak.ac.at\/index.php\/wp-json\/wp\/v2\/pages\/2652\/revisions"}],"predecessor-version":[{"id":4285,"href":"https:\/\/zid-wp-test-01.uni-ak.ac.at\/index.php\/wp-json\/wp\/v2\/pages\/2652\/revisions\/4285"}],"wp:attachment":[{"href":"https:\/\/zid-wp-test-01.uni-ak.ac.at\/index.php\/wp-json\/wp\/v2\/media?parent=2652"}],"curies":[{"name":"wp","href":"https:\/\/api.w.org\/{rel}","templated":true}]}}