{"id":2592,"date":"2020-03-09T09:58:37","date_gmt":"2020-03-09T09:58:37","guid":{"rendered":"https:\/\/zid-test-04.uni-ak.ac.at\/?page_id=2592"},"modified":"2020-07-01T06:54:34","modified_gmt":"2020-07-01T06:54:34","slug":"impressum","status":"publish","type":"page","link":"https:\/\/zid-wp-test-01.uni-ak.ac.at\/index.php\/impressum\/","title":{"rendered":"Impressum"},"content":{"rendered":"<h2>Impressum<\/h2>\t\t\n\t\t\n<p>Offenlegung gem. \u00a7 25 Mediengesetz \u2013 Verantwortlich f\u00fcr den Inhalt dieser Seite:<\/p>\n<p>\u00a0<\/p>\n\n<p>Universit\u00e4t f\u00fcr angewandte Kunst Wien<br \/>Zentraler Informatikdienst<br \/>Oskar Kokoschka-Platz 2<br \/>1010 Wien<br \/>\u00d6sterreich<\/p>\n<p>\u00a0<\/p>\n\n<p>T +43 1 711 33 2107<br \/>F +43 1 711 33 2109<br \/><a href=\"mailto:helpdesk@uni-ak.ac.at\">helpdesk@uni-ak.ac.at<\/a><br \/><a href=\"https:\/\/zid.uni-ak.ac.at\/\">https:\/\/zid.uni-ak.ac.at<\/a><\/p>\n<p>\u00a0<\/p>\n\n<p>Der Zentrale Informatikdienst (ZID) \u00fcbernimmt keine Haftung f\u00fcr den Inhalt verlinkter Webseiten.<\/p>\n","protected":false},"excerpt":{"rendered":"<p>Impressum Offenlegung gem. \u00a7 25 Mediengesetz \u2013 Verantwortlich f\u00fcr den Inhalt dieser Seite: \u00a0 Universit\u00e4t f\u00fcr angewandte Kunst WienZentraler InformatikdienstOskar Kokoschka-Platz 21010 Wien\u00d6sterreich \u00a0 T +43 1 711 33 2107F +43 1 711 33 2109helpdesk@uni-ak.ac.athttps:\/\/zid.uni-ak.ac.at &hellip;<\/p>\n","protected":false},"author":1,"featured_media":0,"parent":0,"menu_order":0,"comment_status":"closed","ping_status":"closed","template":"elementor_canvas","meta":{"footnotes":""},"class_list":["post-2592","page","type-page","status-publish","hentry"],"_links":{"self":[{"href":"https:\/\/zid-wp-test-01.uni-ak.ac.at\/index.php\/wp-json\/wp\/v2\/pages\/2592","targetHints":{"allow":["GET"]}}],"collection":[{"href":"https:\/\/zid-wp-test-01.uni-ak.ac.at\/index.php\/wp-json\/wp\/v2\/pages"}],"about":[{"href":"https:\/\/zid-wp-test-01.uni-ak.ac.at\/index.php\/wp-json\/wp\/v2\/types\/page"}],"author":[{"embeddable":true,"href":"https:\/\/zid-wp-test-01.uni-ak.ac.at\/index.php\/wp-json\/wp\/v2\/users\/1"}],"replies":[{"embeddable":true,"href":"https:\/\/zid-wp-test-01.uni-ak.ac.at\/index.php\/wp-json\/wp\/v2\/comments?post=2592"}],"version-history":[{"count":4,"href":"https:\/\/zid-wp-test-01.uni-ak.ac.at\/index.php\/wp-json\/wp\/v2\/pages\/2592\/revisions"}],"predecessor-version":[{"id":3205,"href":"https:\/\/zid-wp-test-01.uni-ak.ac.at\/index.php\/wp-json\/wp\/v2\/pages\/2592\/revisions\/3205"}],"wp:attachment":[{"href":"https:\/\/zid-wp-test-01.uni-ak.ac.at\/index.php\/wp-json\/wp\/v2\/media?parent=2592"}],"curies":[{"name":"wp","href":"https:\/\/api.w.org\/{rel}","templated":true}]}}